{"id":597,"date":"2022-06-07T13:24:07","date_gmt":"2022-06-07T11:24:07","guid":{"rendered":"https:\/\/commerce4.cloud1.sbg.meosis.fr\/la-o-escalade\/?post_type=product&#038;p=597"},"modified":"2025-04-02T08:57:38","modified_gmt":"2025-04-02T06:57:38","slug":"anniversaire","status":"publish","type":"product","link":"https:\/\/commerce4.cloud1.sbg.meosis.fr\/la-o-escalade\/produit\/anniversaire\/","title":{"rendered":"Anniversaire"},"content":{"rendered":"<p>Vous avez fait le tour des Mac Do, bowling, karting, parc enfant et autres\u00a0? Alors venez nous voir\u00a0!<br \/>\nR\u00e9servez et on s\u2019occupe de TOUT\u00a0! L\u2019encadrement, le g\u00e2teau (nature ou chocolat), les boissons (jus de fruit ou soda).<br \/>\nL\u2019anniversaire aura lieu dans l\u2019espace enfant du d\u00e9but \u00e0 la fin.<\/p>\n<p>&nbsp;<\/p>\n<p>Les enfants (entre 6 et 12), \u00e0 partir de 6 ans, profiteront d\u2019une heure et demi d\u2019escalade encadr\u00e9 par nos soins pour <strong>13\u20ac par enfant. <\/strong>Ensuite ils auront une demi heure de go\u00fbter.<\/p>\n<p>&nbsp;<\/p>\n<p>Pour le go\u00fbter deux choix s\u2019offrent \u00e0 vous :<\/p>\n<ul>\n<li>Vous vous occupez du go\u00fbter !<\/li>\n<li>On s\u2019occupe aussi du go\u00fbter pour 35\u20ac tout compris !<\/li>\n<\/ul>\n<p>Alors faites votre choix nous vous attendons !<\/p>\n<p>&nbsp;<\/p>\n<p>Vous pouvez venir f\u00eater l\u2019anniversaire de votre enfant le samedi de 13h30 \u00e0 15h30 ou le dimanche de 10h \u00e0 12h ou de 13h \u00e0 15h.<\/p>\n<p>&nbsp;<\/p>\n<p>T\u00e9l\u00e9chargez les cartons d\u2019invitations <a title=\"\" href=\"https:\/\/commerce4.cloud1.sbg.meosis.fr\/la-o-escalade\/wp-content\/uploads\/sites\/19\/2022\/08\/carton-invitation-anniversaire-escalade.pdf\" target=\"_blank\" rel=\"noopener\">ici<\/a>\u00a0et <a title=\"Contact\" href=\"https:\/\/www.la-o-escalade.com\/contact.html\" target=\"_blank\" rel=\"noopener\">contactez-nous<\/a> pour plus d&#8217;informations !<\/p>\n<p>&nbsp;<\/p>\n<p>Pour les plus grands, \u00e0 partir de 10 ans, nous pouvons vous proposer une chasse au tr\u00e9sor le samedi soir de 18h \u00e0 19h30. Le tarif de la chasse au tr\u00e9sor est de 15\u20ac par enfant.<\/p>\n<p>Vous pouvez r\u00e9server d\u00e8s \u00e0 pr\u00e9sent en compl\u00e9tant le formulaire ci-dessous :<\/p>\n","protected":false},"excerpt":{"rendered":"<p>Vous avez fait le tour des Mac Do, bowling, karting, parc enfant et autres\u00a0? Alors venez nous voir\u00a0! R\u00e9servez et on s\u2019occupe de TOUT\u00a0! L\u2019encadrement, le g\u00e2teau (nature ou chocolat), les boissons (jus de fruit ou soda). L\u2019anniversaire aura lieu dans l\u2019espace enfant du d\u00e9but \u00e0 la fin. &nbsp; Les enfants (entre 6 et 12), [&hellip;]<\/p>\n","protected":false},"featured_media":1151,"comment_status":"open","ping_status":"closed","template":"","meta":[],"product_cat":[28,24],"product_tag":[],"acf":[],"yoast_head":"<!-- This site is optimized with the Yoast SEO plugin v21.8.1 - https:\/\/yoast.com\/wordpress\/plugins\/seo\/ -->\n<title>Anniversaire \u203a L\u00e0 \u00d4 Escalade<\/title>\n<meta name=\"description\" content=\"Vous avez fait le tour des Mac Do, bowling, karting, parc enfant et autres\u00a0? Alors venez nous voir\u00a0! R\u00e9servez et on s\u2019occupe de TOUT\u00a0! L\u2019encadrement, le\" \/>\n<meta name=\"robots\" content=\"index, follow, max-snippet:-1, max-image-preview:large, max-video-preview:-1\" \/>\n<link rel=\"canonical\" href=\"https:\/\/commerce4.cloud1.sbg.meosis.fr\/la-o-escalade\/produit\/anniversaire\/\" \/>\n<meta property=\"og:locale\" content=\"fr_FR\" \/>\n<meta property=\"og:type\" content=\"article\" \/>\n<meta property=\"og:title\" content=\"Anniversaire \u203a L\u00e0 \u00d4 Escalade\" \/>\n<meta property=\"og:description\" content=\"Vous avez fait le tour des Mac Do, bowling, karting, parc enfant et autres\u00a0? Alors venez nous voir\u00a0! R\u00e9servez et on s\u2019occupe de TOUT\u00a0! L\u2019encadrement, le\" \/>\n<meta property=\"og:url\" content=\"https:\/\/commerce4.cloud1.sbg.meosis.fr\/la-o-escalade\/produit\/anniversaire\/\" \/>\n<meta property=\"og:site_name\" content=\"L\u00e0 \u00d4 Escalade\" \/>\n<meta property=\"article:modified_time\" content=\"2025-04-02T06:57:38+00:00\" \/>\n<meta property=\"og:image\" content=\"https:\/\/commerce4.cloud1.sbg.meosis.fr\/la-o-escalade\/wp-content\/uploads\/sites\/19\/2022\/08\/P1020065-scaled.jpg\" \/>\n\t<meta property=\"og:image:width\" content=\"2560\" \/>\n\t<meta property=\"og:image:height\" content=\"1920\" \/>\n\t<meta property=\"og:image:type\" content=\"image\/jpeg\" \/>\n<meta name=\"twitter:card\" content=\"summary_large_image\" \/>\n<meta name=\"twitter:label1\" content=\"Dur\u00e9e de lecture estim\u00e9e\" \/>\n\t<meta name=\"twitter:data1\" content=\"2 minutes\" \/>\n<script type=\"application\/ld+json\" class=\"yoast-schema-graph\">{\"@context\":\"https:\/\/schema.org\",\"@graph\":[{\"@type\":\"WebPage\",\"@id\":\"https:\/\/commerce4.cloud1.sbg.meosis.fr\/la-o-escalade\/produit\/anniversaire\/\",\"url\":\"https:\/\/commerce4.cloud1.sbg.meosis.fr\/la-o-escalade\/produit\/anniversaire\/\",\"name\":\"Anniversaire \u203a L\u00e0 \u00d4 Escalade\",\"isPartOf\":{\"@id\":\"https:\/\/commerce4.cloud1.sbg.meosis.fr\/la-o-escalade\/#website\"},\"datePublished\":\"2022-06-07T11:24:07+00:00\",\"dateModified\":\"2025-04-02T06:57:38+00:00\",\"description\":\"Vous avez fait le tour des Mac Do, bowling, karting, parc enfant et autres\u00a0? Alors venez nous voir\u00a0! R\u00e9servez et on s\u2019occupe de TOUT\u00a0! L\u2019encadrement, le\",\"breadcrumb\":{\"@id\":\"https:\/\/commerce4.cloud1.sbg.meosis.fr\/la-o-escalade\/produit\/anniversaire\/#breadcrumb\"},\"inLanguage\":\"fr-FR\",\"potentialAction\":[{\"@type\":\"ReadAction\",\"target\":[\"https:\/\/commerce4.cloud1.sbg.meosis.fr\/la-o-escalade\/produit\/anniversaire\/\"]}]},{\"@type\":\"BreadcrumbList\",\"@id\":\"https:\/\/commerce4.cloud1.sbg.meosis.fr\/la-o-escalade\/produit\/anniversaire\/#breadcrumb\",\"itemListElement\":[{\"@type\":\"ListItem\",\"position\":1,\"name\":\"Votre salle d'escalade \u00e0 Toulouse\",\"item\":\"https:\/\/commerce4.cloud1.sbg.meosis.fr\/la-o-escalade\/\"},{\"@type\":\"ListItem\",\"position\":2,\"name\":\"Boutique\",\"item\":\"https:\/\/commerce4.cloud1.sbg.meosis.fr\/la-o-escalade\/boutique.html\"},{\"@type\":\"ListItem\",\"position\":3,\"name\":\"Anniversaire\"}]},{\"@type\":\"WebSite\",\"@id\":\"https:\/\/commerce4.cloud1.sbg.meosis.fr\/la-o-escalade\/#website\",\"url\":\"https:\/\/commerce4.cloud1.sbg.meosis.fr\/la-o-escalade\/\",\"name\":\"L\u00e0 \u00d4 Escalade\",\"description\":\"Votre salle d&#039;escalade \u00e0 Toulouse\",\"publisher\":{\"@id\":\"https:\/\/commerce4.cloud1.sbg.meosis.fr\/la-o-escalade\/#organization\"},\"potentialAction\":[{\"@type\":\"SearchAction\",\"target\":{\"@type\":\"EntryPoint\",\"urlTemplate\":\"https:\/\/commerce4.cloud1.sbg.meosis.fr\/la-o-escalade\/?s={search_term_string}\"},\"query-input\":\"required name=search_term_string\"}],\"inLanguage\":\"fr-FR\"},{\"@type\":\"Organization\",\"@id\":\"https:\/\/commerce4.cloud1.sbg.meosis.fr\/la-o-escalade\/#organization\",\"name\":\"La Salle\",\"url\":\"https:\/\/commerce4.cloud1.sbg.meosis.fr\/la-o-escalade\/\",\"logo\":{\"@type\":\"ImageObject\",\"inLanguage\":\"fr-FR\",\"@id\":\"https:\/\/commerce4.cloud1.sbg.meosis.fr\/la-o-escalade\/#\/schema\/logo\/image\/\",\"url\":\"https:\/\/commerce4.cloud1.sbg.meosis.fr\/la-o-escalade\/wp-content\/uploads\/sites\/19\/2022\/05\/logo-30.png\",\"contentUrl\":\"https:\/\/commerce4.cloud1.sbg.meosis.fr\/la-o-escalade\/wp-content\/uploads\/sites\/19\/2022\/05\/logo-30.png\",\"width\":126,\"height\":184,\"caption\":\"La Salle\"},\"image\":{\"@id\":\"https:\/\/commerce4.cloud1.sbg.meosis.fr\/la-o-escalade\/#\/schema\/logo\/image\/\"}}]}<\/script>\n<!-- \/ Yoast SEO plugin. -->","yoast_head_json":{"title":"Anniversaire \u203a L\u00e0 \u00d4 Escalade","description":"Vous avez fait le tour des Mac Do, bowling, karting, parc enfant et autres\u00a0? Alors venez nous voir\u00a0! R\u00e9servez et on s\u2019occupe de TOUT\u00a0! L\u2019encadrement, le","robots":{"index":"index","follow":"follow","max-snippet":"max-snippet:-1","max-image-preview":"max-image-preview:large","max-video-preview":"max-video-preview:-1"},"canonical":"https:\/\/commerce4.cloud1.sbg.meosis.fr\/la-o-escalade\/produit\/anniversaire\/","og_locale":"fr_FR","og_type":"article","og_title":"Anniversaire \u203a L\u00e0 \u00d4 Escalade","og_description":"Vous avez fait le tour des Mac Do, bowling, karting, parc enfant et autres\u00a0? Alors venez nous voir\u00a0! R\u00e9servez et on s\u2019occupe de TOUT\u00a0! L\u2019encadrement, le","og_url":"https:\/\/commerce4.cloud1.sbg.meosis.fr\/la-o-escalade\/produit\/anniversaire\/","og_site_name":"L\u00e0 \u00d4 Escalade","article_modified_time":"2025-04-02T06:57:38+00:00","og_image":[{"width":2560,"height":1920,"url":"https:\/\/commerce4.cloud1.sbg.meosis.fr\/la-o-escalade\/wp-content\/uploads\/sites\/19\/2022\/08\/P1020065-scaled.jpg","type":"image\/jpeg"}],"twitter_card":"summary_large_image","twitter_misc":{"Dur\u00e9e de lecture estim\u00e9e":"2 minutes"},"schema":{"@context":"https:\/\/schema.org","@graph":[{"@type":"WebPage","@id":"https:\/\/commerce4.cloud1.sbg.meosis.fr\/la-o-escalade\/produit\/anniversaire\/","url":"https:\/\/commerce4.cloud1.sbg.meosis.fr\/la-o-escalade\/produit\/anniversaire\/","name":"Anniversaire \u203a L\u00e0 \u00d4 Escalade","isPartOf":{"@id":"https:\/\/commerce4.cloud1.sbg.meosis.fr\/la-o-escalade\/#website"},"datePublished":"2022-06-07T11:24:07+00:00","dateModified":"2025-04-02T06:57:38+00:00","description":"Vous avez fait le tour des Mac Do, bowling, karting, parc enfant et autres\u00a0? Alors venez nous voir\u00a0! R\u00e9servez et on s\u2019occupe de TOUT\u00a0! L\u2019encadrement, le","breadcrumb":{"@id":"https:\/\/commerce4.cloud1.sbg.meosis.fr\/la-o-escalade\/produit\/anniversaire\/#breadcrumb"},"inLanguage":"fr-FR","potentialAction":[{"@type":"ReadAction","target":["https:\/\/commerce4.cloud1.sbg.meosis.fr\/la-o-escalade\/produit\/anniversaire\/"]}]},{"@type":"BreadcrumbList","@id":"https:\/\/commerce4.cloud1.sbg.meosis.fr\/la-o-escalade\/produit\/anniversaire\/#breadcrumb","itemListElement":[{"@type":"ListItem","position":1,"name":"Votre salle d'escalade \u00e0 Toulouse","item":"https:\/\/commerce4.cloud1.sbg.meosis.fr\/la-o-escalade\/"},{"@type":"ListItem","position":2,"name":"Boutique","item":"https:\/\/commerce4.cloud1.sbg.meosis.fr\/la-o-escalade\/boutique.html"},{"@type":"ListItem","position":3,"name":"Anniversaire"}]},{"@type":"WebSite","@id":"https:\/\/commerce4.cloud1.sbg.meosis.fr\/la-o-escalade\/#website","url":"https:\/\/commerce4.cloud1.sbg.meosis.fr\/la-o-escalade\/","name":"L\u00e0 \u00d4 Escalade","description":"Votre salle d&#039;escalade \u00e0 Toulouse","publisher":{"@id":"https:\/\/commerce4.cloud1.sbg.meosis.fr\/la-o-escalade\/#organization"},"potentialAction":[{"@type":"SearchAction","target":{"@type":"EntryPoint","urlTemplate":"https:\/\/commerce4.cloud1.sbg.meosis.fr\/la-o-escalade\/?s={search_term_string}"},"query-input":"required name=search_term_string"}],"inLanguage":"fr-FR"},{"@type":"Organization","@id":"https:\/\/commerce4.cloud1.sbg.meosis.fr\/la-o-escalade\/#organization","name":"La Salle","url":"https:\/\/commerce4.cloud1.sbg.meosis.fr\/la-o-escalade\/","logo":{"@type":"ImageObject","inLanguage":"fr-FR","@id":"https:\/\/commerce4.cloud1.sbg.meosis.fr\/la-o-escalade\/#\/schema\/logo\/image\/","url":"https:\/\/commerce4.cloud1.sbg.meosis.fr\/la-o-escalade\/wp-content\/uploads\/sites\/19\/2022\/05\/logo-30.png","contentUrl":"https:\/\/commerce4.cloud1.sbg.meosis.fr\/la-o-escalade\/wp-content\/uploads\/sites\/19\/2022\/05\/logo-30.png","width":126,"height":184,"caption":"La Salle"},"image":{"@id":"https:\/\/commerce4.cloud1.sbg.meosis.fr\/la-o-escalade\/#\/schema\/logo\/image\/"}}]}},"jetpack_sharing_enabled":true,"_links":{"self":[{"href":"https:\/\/commerce4.cloud1.sbg.meosis.fr\/la-o-escalade\/wp-json\/wp\/v2\/product\/597"}],"collection":[{"href":"https:\/\/commerce4.cloud1.sbg.meosis.fr\/la-o-escalade\/wp-json\/wp\/v2\/product"}],"about":[{"href":"https:\/\/commerce4.cloud1.sbg.meosis.fr\/la-o-escalade\/wp-json\/wp\/v2\/types\/product"}],"replies":[{"embeddable":true,"href":"https:\/\/commerce4.cloud1.sbg.meosis.fr\/la-o-escalade\/wp-json\/wp\/v2\/comments?post=597"}],"wp:featuredmedia":[{"embeddable":true,"href":"https:\/\/commerce4.cloud1.sbg.meosis.fr\/la-o-escalade\/wp-json\/wp\/v2\/media\/1151"}],"wp:attachment":[{"href":"https:\/\/commerce4.cloud1.sbg.meosis.fr\/la-o-escalade\/wp-json\/wp\/v2\/media?parent=597"}],"wp:term":[{"taxonomy":"product_cat","embeddable":true,"href":"https:\/\/commerce4.cloud1.sbg.meosis.fr\/la-o-escalade\/wp-json\/wp\/v2\/product_cat?post=597"},{"taxonomy":"product_tag","embeddable":true,"href":"https:\/\/commerce4.cloud1.sbg.meosis.fr\/la-o-escalade\/wp-json\/wp\/v2\/product_tag?post=597"}],"curies":[{"name":"wp","href":"https:\/\/api.w.org\/{rel}","templated":true}]}}