{"id":426,"date":"2022-05-31T14:51:37","date_gmt":"2022-05-31T12:51:37","guid":{"rendered":"https:\/\/commerce4.cloud1.sbg.meosis.fr\/la-o-escalade\/?post_type=product&#038;p=426"},"modified":"2022-08-31T13:20:06","modified_gmt":"2022-08-31T11:20:06","slug":"chaussons-descalade","status":"publish","type":"product","link":"https:\/\/commerce4.cloud1.sbg.meosis.fr\/la-o-escalade\/produit\/chaussons-descalade\/","title":{"rendered":"Chaussons d&#8217;escalade"},"content":{"rendered":"<p>Louez votre paire de chaussons d&#8217;escalade pour votre passage<\/p>\n","protected":false},"excerpt":{"rendered":"<p>Louez votre paire de chaussons d&#8217;escalade pour votre passage<\/p>\n","protected":false},"featured_media":427,"comment_status":"open","ping_status":"closed","template":"","meta":[],"product_cat":[24],"product_tag":[],"acf":[],"yoast_head":"<!-- This site is optimized with the Yoast SEO plugin v21.8.1 - https:\/\/yoast.com\/wordpress\/plugins\/seo\/ -->\n<title>Chaussons d&#039;escalade \u203a L\u00e0 \u00d4 Escalade<\/title>\n<meta name=\"description\" content=\"Louez votre paire de chaussons d&#039;escalade pour votre passage\" \/>\n<meta name=\"robots\" content=\"index, follow, max-snippet:-1, max-image-preview:large, max-video-preview:-1\" \/>\n<link rel=\"canonical\" href=\"https:\/\/commerce4.cloud1.sbg.meosis.fr\/la-o-escalade\/produit\/chaussons-descalade\/\" \/>\n<meta property=\"og:locale\" content=\"fr_FR\" \/>\n<meta property=\"og:type\" content=\"article\" \/>\n<meta property=\"og:title\" content=\"Chaussons d&#039;escalade \u203a L\u00e0 \u00d4 Escalade\" \/>\n<meta property=\"og:description\" content=\"Louez votre paire de chaussons d&#039;escalade pour votre passage\" \/>\n<meta property=\"og:url\" content=\"https:\/\/commerce4.cloud1.sbg.meosis.fr\/la-o-escalade\/produit\/chaussons-descalade\/\" \/>\n<meta property=\"og:site_name\" content=\"L\u00e0 \u00d4 Escalade\" \/>\n<meta property=\"article:modified_time\" content=\"2022-08-31T11:20:06+00:00\" \/>\n<meta property=\"og:image\" content=\"https:\/\/commerce4.cloud1.sbg.meosis.fr\/la-o-escalade\/wp-content\/uploads\/sites\/19\/2022\/05\/chausson-escalade.jpg\" \/>\n\t<meta property=\"og:image:width\" content=\"500\" \/>\n\t<meta property=\"og:image:height\" content=\"234\" \/>\n\t<meta property=\"og:image:type\" content=\"image\/jpeg\" \/>\n<meta name=\"twitter:card\" content=\"summary_large_image\" \/>\n<meta name=\"twitter:label1\" content=\"Dur\u00e9e de lecture estim\u00e9e\" \/>\n\t<meta name=\"twitter:data1\" content=\"1 minute\" \/>\n<script type=\"application\/ld+json\" class=\"yoast-schema-graph\">{\"@context\":\"https:\/\/schema.org\",\"@graph\":[{\"@type\":\"WebPage\",\"@id\":\"https:\/\/commerce4.cloud1.sbg.meosis.fr\/la-o-escalade\/produit\/chaussons-descalade\/\",\"url\":\"https:\/\/commerce4.cloud1.sbg.meosis.fr\/la-o-escalade\/produit\/chaussons-descalade\/\",\"name\":\"Chaussons d'escalade \u203a L\u00e0 \u00d4 Escalade\",\"isPartOf\":{\"@id\":\"https:\/\/commerce4.cloud1.sbg.meosis.fr\/la-o-escalade\/#website\"},\"datePublished\":\"2022-05-31T12:51:37+00:00\",\"dateModified\":\"2022-08-31T11:20:06+00:00\",\"description\":\"Louez votre paire de chaussons d'escalade pour votre passage\",\"breadcrumb\":{\"@id\":\"https:\/\/commerce4.cloud1.sbg.meosis.fr\/la-o-escalade\/produit\/chaussons-descalade\/#breadcrumb\"},\"inLanguage\":\"fr-FR\",\"potentialAction\":[{\"@type\":\"ReadAction\",\"target\":[\"https:\/\/commerce4.cloud1.sbg.meosis.fr\/la-o-escalade\/produit\/chaussons-descalade\/\"]}]},{\"@type\":\"BreadcrumbList\",\"@id\":\"https:\/\/commerce4.cloud1.sbg.meosis.fr\/la-o-escalade\/produit\/chaussons-descalade\/#breadcrumb\",\"itemListElement\":[{\"@type\":\"ListItem\",\"position\":1,\"name\":\"Votre salle d'escalade \u00e0 Toulouse\",\"item\":\"https:\/\/commerce4.cloud1.sbg.meosis.fr\/la-o-escalade\/\"},{\"@type\":\"ListItem\",\"position\":2,\"name\":\"Boutique\",\"item\":\"https:\/\/commerce4.cloud1.sbg.meosis.fr\/la-o-escalade\/boutique.html\"},{\"@type\":\"ListItem\",\"position\":3,\"name\":\"Chaussons d&#8217;escalade\"}]},{\"@type\":\"WebSite\",\"@id\":\"https:\/\/commerce4.cloud1.sbg.meosis.fr\/la-o-escalade\/#website\",\"url\":\"https:\/\/commerce4.cloud1.sbg.meosis.fr\/la-o-escalade\/\",\"name\":\"L\u00e0 \u00d4 Escalade\",\"description\":\"Votre salle d&#039;escalade \u00e0 Toulouse\",\"publisher\":{\"@id\":\"https:\/\/commerce4.cloud1.sbg.meosis.fr\/la-o-escalade\/#organization\"},\"potentialAction\":[{\"@type\":\"SearchAction\",\"target\":{\"@type\":\"EntryPoint\",\"urlTemplate\":\"https:\/\/commerce4.cloud1.sbg.meosis.fr\/la-o-escalade\/?s={search_term_string}\"},\"query-input\":\"required name=search_term_string\"}],\"inLanguage\":\"fr-FR\"},{\"@type\":\"Organization\",\"@id\":\"https:\/\/commerce4.cloud1.sbg.meosis.fr\/la-o-escalade\/#organization\",\"name\":\"La Salle\",\"url\":\"https:\/\/commerce4.cloud1.sbg.meosis.fr\/la-o-escalade\/\",\"logo\":{\"@type\":\"ImageObject\",\"inLanguage\":\"fr-FR\",\"@id\":\"https:\/\/commerce4.cloud1.sbg.meosis.fr\/la-o-escalade\/#\/schema\/logo\/image\/\",\"url\":\"https:\/\/commerce4.cloud1.sbg.meosis.fr\/la-o-escalade\/wp-content\/uploads\/sites\/19\/2022\/05\/logo-30.png\",\"contentUrl\":\"https:\/\/commerce4.cloud1.sbg.meosis.fr\/la-o-escalade\/wp-content\/uploads\/sites\/19\/2022\/05\/logo-30.png\",\"width\":126,\"height\":184,\"caption\":\"La Salle\"},\"image\":{\"@id\":\"https:\/\/commerce4.cloud1.sbg.meosis.fr\/la-o-escalade\/#\/schema\/logo\/image\/\"}}]}<\/script>\n<!-- \/ Yoast SEO plugin. -->","yoast_head_json":{"title":"Chaussons d'escalade \u203a L\u00e0 \u00d4 Escalade","description":"Louez votre paire de chaussons d'escalade pour votre passage","robots":{"index":"index","follow":"follow","max-snippet":"max-snippet:-1","max-image-preview":"max-image-preview:large","max-video-preview":"max-video-preview:-1"},"canonical":"https:\/\/commerce4.cloud1.sbg.meosis.fr\/la-o-escalade\/produit\/chaussons-descalade\/","og_locale":"fr_FR","og_type":"article","og_title":"Chaussons d'escalade \u203a L\u00e0 \u00d4 Escalade","og_description":"Louez votre paire de chaussons d'escalade pour votre passage","og_url":"https:\/\/commerce4.cloud1.sbg.meosis.fr\/la-o-escalade\/produit\/chaussons-descalade\/","og_site_name":"L\u00e0 \u00d4 Escalade","article_modified_time":"2022-08-31T11:20:06+00:00","og_image":[{"width":500,"height":234,"url":"https:\/\/commerce4.cloud1.sbg.meosis.fr\/la-o-escalade\/wp-content\/uploads\/sites\/19\/2022\/05\/chausson-escalade.jpg","type":"image\/jpeg"}],"twitter_card":"summary_large_image","twitter_misc":{"Dur\u00e9e de lecture estim\u00e9e":"1 minute"},"schema":{"@context":"https:\/\/schema.org","@graph":[{"@type":"WebPage","@id":"https:\/\/commerce4.cloud1.sbg.meosis.fr\/la-o-escalade\/produit\/chaussons-descalade\/","url":"https:\/\/commerce4.cloud1.sbg.meosis.fr\/la-o-escalade\/produit\/chaussons-descalade\/","name":"Chaussons d'escalade \u203a L\u00e0 \u00d4 Escalade","isPartOf":{"@id":"https:\/\/commerce4.cloud1.sbg.meosis.fr\/la-o-escalade\/#website"},"datePublished":"2022-05-31T12:51:37+00:00","dateModified":"2022-08-31T11:20:06+00:00","description":"Louez votre paire de chaussons d'escalade pour votre passage","breadcrumb":{"@id":"https:\/\/commerce4.cloud1.sbg.meosis.fr\/la-o-escalade\/produit\/chaussons-descalade\/#breadcrumb"},"inLanguage":"fr-FR","potentialAction":[{"@type":"ReadAction","target":["https:\/\/commerce4.cloud1.sbg.meosis.fr\/la-o-escalade\/produit\/chaussons-descalade\/"]}]},{"@type":"BreadcrumbList","@id":"https:\/\/commerce4.cloud1.sbg.meosis.fr\/la-o-escalade\/produit\/chaussons-descalade\/#breadcrumb","itemListElement":[{"@type":"ListItem","position":1,"name":"Votre salle d'escalade \u00e0 Toulouse","item":"https:\/\/commerce4.cloud1.sbg.meosis.fr\/la-o-escalade\/"},{"@type":"ListItem","position":2,"name":"Boutique","item":"https:\/\/commerce4.cloud1.sbg.meosis.fr\/la-o-escalade\/boutique.html"},{"@type":"ListItem","position":3,"name":"Chaussons d&#8217;escalade"}]},{"@type":"WebSite","@id":"https:\/\/commerce4.cloud1.sbg.meosis.fr\/la-o-escalade\/#website","url":"https:\/\/commerce4.cloud1.sbg.meosis.fr\/la-o-escalade\/","name":"L\u00e0 \u00d4 Escalade","description":"Votre salle d&#039;escalade \u00e0 Toulouse","publisher":{"@id":"https:\/\/commerce4.cloud1.sbg.meosis.fr\/la-o-escalade\/#organization"},"potentialAction":[{"@type":"SearchAction","target":{"@type":"EntryPoint","urlTemplate":"https:\/\/commerce4.cloud1.sbg.meosis.fr\/la-o-escalade\/?s={search_term_string}"},"query-input":"required name=search_term_string"}],"inLanguage":"fr-FR"},{"@type":"Organization","@id":"https:\/\/commerce4.cloud1.sbg.meosis.fr\/la-o-escalade\/#organization","name":"La Salle","url":"https:\/\/commerce4.cloud1.sbg.meosis.fr\/la-o-escalade\/","logo":{"@type":"ImageObject","inLanguage":"fr-FR","@id":"https:\/\/commerce4.cloud1.sbg.meosis.fr\/la-o-escalade\/#\/schema\/logo\/image\/","url":"https:\/\/commerce4.cloud1.sbg.meosis.fr\/la-o-escalade\/wp-content\/uploads\/sites\/19\/2022\/05\/logo-30.png","contentUrl":"https:\/\/commerce4.cloud1.sbg.meosis.fr\/la-o-escalade\/wp-content\/uploads\/sites\/19\/2022\/05\/logo-30.png","width":126,"height":184,"caption":"La Salle"},"image":{"@id":"https:\/\/commerce4.cloud1.sbg.meosis.fr\/la-o-escalade\/#\/schema\/logo\/image\/"}}]}},"jetpack_sharing_enabled":true,"_links":{"self":[{"href":"https:\/\/commerce4.cloud1.sbg.meosis.fr\/la-o-escalade\/wp-json\/wp\/v2\/product\/426"}],"collection":[{"href":"https:\/\/commerce4.cloud1.sbg.meosis.fr\/la-o-escalade\/wp-json\/wp\/v2\/product"}],"about":[{"href":"https:\/\/commerce4.cloud1.sbg.meosis.fr\/la-o-escalade\/wp-json\/wp\/v2\/types\/product"}],"replies":[{"embeddable":true,"href":"https:\/\/commerce4.cloud1.sbg.meosis.fr\/la-o-escalade\/wp-json\/wp\/v2\/comments?post=426"}],"wp:featuredmedia":[{"embeddable":true,"href":"https:\/\/commerce4.cloud1.sbg.meosis.fr\/la-o-escalade\/wp-json\/wp\/v2\/media\/427"}],"wp:attachment":[{"href":"https:\/\/commerce4.cloud1.sbg.meosis.fr\/la-o-escalade\/wp-json\/wp\/v2\/media?parent=426"}],"wp:term":[{"taxonomy":"product_cat","embeddable":true,"href":"https:\/\/commerce4.cloud1.sbg.meosis.fr\/la-o-escalade\/wp-json\/wp\/v2\/product_cat?post=426"},{"taxonomy":"product_tag","embeddable":true,"href":"https:\/\/commerce4.cloud1.sbg.meosis.fr\/la-o-escalade\/wp-json\/wp\/v2\/product_tag?post=426"}],"curies":[{"name":"wp","href":"https:\/\/api.w.org\/{rel}","templated":true}]}}