{"id":410,"date":"2022-05-31T14:43:13","date_gmt":"2022-05-31T12:43:13","guid":{"rendered":"https:\/\/commerce4.cloud1.sbg.meosis.fr\/la-o-escalade\/?post_type=product&#038;p=410"},"modified":"2024-06-07T22:55:41","modified_gmt":"2024-06-07T20:55:41","slug":"abonnement-1-trimestre","status":"publish","type":"product","link":"https:\/\/commerce4.cloud1.sbg.meosis.fr\/la-o-escalade\/produit\/abonnement-1-trimestre\/","title":{"rendered":"Abonnement 1 trimestre"},"content":{"rendered":"<div class=\"wpb_wrapper\">\n<h3>Abonnement de 3 mois<\/h3>\n<p>Venez grimper en illimit\u00e9 sur la dur\u00e9e de votre abonnement.<\/p>\n<p>&nbsp;<\/p>\n<\/div>\n<ul>\n<li>Tarif normal : 150 \u20ac<\/li>\n<li>Tarif r\u00e9duit : 120 \u20ac<\/li>\n<li>5 \u00e0 11 ans : 105 \u20ac<\/li>\n<\/ul>\n<div class=\"wpb_wrapper\">\n<p>Facture et justificatifs \u00e0 rapporter lors de votre premier passage pour justifier de votre commande.<\/p>\n<\/div>\n","protected":false},"excerpt":{"rendered":"<p>Abonnement de 3 mois Venez grimper en illimit\u00e9 sur la dur\u00e9e de votre abonnement. &nbsp; Tarif normal : 150 \u20ac Tarif r\u00e9duit : 120 \u20ac 5 \u00e0 11 ans : 105 \u20ac Facture et justificatifs \u00e0 rapporter lors de votre premier passage pour justifier de votre commande.<\/p>\n","protected":false},"featured_media":1204,"comment_status":"open","ping_status":"closed","template":"","meta":[],"product_cat":[24],"product_tag":[],"acf":[],"yoast_head":"<!-- This site is optimized with the Yoast SEO plugin v21.8.1 - https:\/\/yoast.com\/wordpress\/plugins\/seo\/ -->\n<title>Abonnement 1 trimestre \u203a L\u00e0 \u00d4 Escalade<\/title>\n<meta name=\"description\" content=\"Abonnement de 3 mois Venez grimper en illimit\u00e9 sur la dur\u00e9e de votre abonnement. &nbsp; Tarif normal : 150 \u20ac Tarif r\u00e9duit : 120 \u20ac 5 \u00e0 11 ans : 105 \u20ac\" \/>\n<meta name=\"robots\" content=\"index, follow, max-snippet:-1, max-image-preview:large, max-video-preview:-1\" \/>\n<link rel=\"canonical\" href=\"https:\/\/commerce4.cloud1.sbg.meosis.fr\/la-o-escalade\/produit\/abonnement-1-trimestre\/\" \/>\n<meta property=\"og:locale\" content=\"fr_FR\" \/>\n<meta property=\"og:type\" content=\"article\" \/>\n<meta property=\"og:title\" content=\"Abonnement 1 trimestre \u203a L\u00e0 \u00d4 Escalade\" \/>\n<meta property=\"og:description\" content=\"Abonnement de 3 mois Venez grimper en illimit\u00e9 sur la dur\u00e9e de votre abonnement. &nbsp; Tarif normal : 150 \u20ac Tarif r\u00e9duit : 120 \u20ac 5 \u00e0 11 ans : 105 \u20ac\" \/>\n<meta property=\"og:url\" content=\"https:\/\/commerce4.cloud1.sbg.meosis.fr\/la-o-escalade\/produit\/abonnement-1-trimestre\/\" \/>\n<meta property=\"og:site_name\" content=\"L\u00e0 \u00d4 Escalade\" \/>\n<meta property=\"article:modified_time\" content=\"2024-06-07T20:55:41+00:00\" \/>\n<meta property=\"og:image\" content=\"https:\/\/commerce4.cloud1.sbg.meosis.fr\/la-o-escalade\/wp-content\/uploads\/sites\/19\/2022\/05\/CP3P1602-min-scaled.jpg\" \/>\n\t<meta property=\"og:image:width\" content=\"2560\" \/>\n\t<meta property=\"og:image:height\" content=\"1707\" \/>\n\t<meta property=\"og:image:type\" content=\"image\/jpeg\" \/>\n<meta name=\"twitter:card\" content=\"summary_large_image\" \/>\n<meta name=\"twitter:label1\" content=\"Dur\u00e9e de lecture estim\u00e9e\" \/>\n\t<meta name=\"twitter:data1\" content=\"1 minute\" \/>\n<script type=\"application\/ld+json\" class=\"yoast-schema-graph\">{\"@context\":\"https:\/\/schema.org\",\"@graph\":[{\"@type\":\"WebPage\",\"@id\":\"https:\/\/commerce4.cloud1.sbg.meosis.fr\/la-o-escalade\/produit\/abonnement-1-trimestre\/\",\"url\":\"https:\/\/commerce4.cloud1.sbg.meosis.fr\/la-o-escalade\/produit\/abonnement-1-trimestre\/\",\"name\":\"Abonnement 1 trimestre \u203a L\u00e0 \u00d4 Escalade\",\"isPartOf\":{\"@id\":\"https:\/\/commerce4.cloud1.sbg.meosis.fr\/la-o-escalade\/#website\"},\"datePublished\":\"2022-05-31T12:43:13+00:00\",\"dateModified\":\"2024-06-07T20:55:41+00:00\",\"description\":\"Abonnement de 3 mois Venez grimper en illimit\u00e9 sur la dur\u00e9e de votre abonnement. &nbsp; Tarif normal : 150 \u20ac Tarif r\u00e9duit : 120 \u20ac 5 \u00e0 11 ans : 105 \u20ac\",\"breadcrumb\":{\"@id\":\"https:\/\/commerce4.cloud1.sbg.meosis.fr\/la-o-escalade\/produit\/abonnement-1-trimestre\/#breadcrumb\"},\"inLanguage\":\"fr-FR\",\"potentialAction\":[{\"@type\":\"ReadAction\",\"target\":[\"https:\/\/commerce4.cloud1.sbg.meosis.fr\/la-o-escalade\/produit\/abonnement-1-trimestre\/\"]}]},{\"@type\":\"BreadcrumbList\",\"@id\":\"https:\/\/commerce4.cloud1.sbg.meosis.fr\/la-o-escalade\/produit\/abonnement-1-trimestre\/#breadcrumb\",\"itemListElement\":[{\"@type\":\"ListItem\",\"position\":1,\"name\":\"Votre salle d'escalade \u00e0 Toulouse\",\"item\":\"https:\/\/commerce4.cloud1.sbg.meosis.fr\/la-o-escalade\/\"},{\"@type\":\"ListItem\",\"position\":2,\"name\":\"Boutique\",\"item\":\"https:\/\/commerce4.cloud1.sbg.meosis.fr\/la-o-escalade\/boutique.html\"},{\"@type\":\"ListItem\",\"position\":3,\"name\":\"Abonnement 1 trimestre\"}]},{\"@type\":\"WebSite\",\"@id\":\"https:\/\/commerce4.cloud1.sbg.meosis.fr\/la-o-escalade\/#website\",\"url\":\"https:\/\/commerce4.cloud1.sbg.meosis.fr\/la-o-escalade\/\",\"name\":\"L\u00e0 \u00d4 Escalade\",\"description\":\"Votre salle d&#039;escalade \u00e0 Toulouse\",\"publisher\":{\"@id\":\"https:\/\/commerce4.cloud1.sbg.meosis.fr\/la-o-escalade\/#organization\"},\"potentialAction\":[{\"@type\":\"SearchAction\",\"target\":{\"@type\":\"EntryPoint\",\"urlTemplate\":\"https:\/\/commerce4.cloud1.sbg.meosis.fr\/la-o-escalade\/?s={search_term_string}\"},\"query-input\":\"required name=search_term_string\"}],\"inLanguage\":\"fr-FR\"},{\"@type\":\"Organization\",\"@id\":\"https:\/\/commerce4.cloud1.sbg.meosis.fr\/la-o-escalade\/#organization\",\"name\":\"La Salle\",\"url\":\"https:\/\/commerce4.cloud1.sbg.meosis.fr\/la-o-escalade\/\",\"logo\":{\"@type\":\"ImageObject\",\"inLanguage\":\"fr-FR\",\"@id\":\"https:\/\/commerce4.cloud1.sbg.meosis.fr\/la-o-escalade\/#\/schema\/logo\/image\/\",\"url\":\"https:\/\/commerce4.cloud1.sbg.meosis.fr\/la-o-escalade\/wp-content\/uploads\/sites\/19\/2022\/05\/logo-30.png\",\"contentUrl\":\"https:\/\/commerce4.cloud1.sbg.meosis.fr\/la-o-escalade\/wp-content\/uploads\/sites\/19\/2022\/05\/logo-30.png\",\"width\":126,\"height\":184,\"caption\":\"La Salle\"},\"image\":{\"@id\":\"https:\/\/commerce4.cloud1.sbg.meosis.fr\/la-o-escalade\/#\/schema\/logo\/image\/\"}}]}<\/script>\n<!-- \/ Yoast SEO plugin. -->","yoast_head_json":{"title":"Abonnement 1 trimestre \u203a L\u00e0 \u00d4 Escalade","description":"Abonnement de 3 mois Venez grimper en illimit\u00e9 sur la dur\u00e9e de votre abonnement. &nbsp; Tarif normal : 150 \u20ac Tarif r\u00e9duit : 120 \u20ac 5 \u00e0 11 ans : 105 \u20ac","robots":{"index":"index","follow":"follow","max-snippet":"max-snippet:-1","max-image-preview":"max-image-preview:large","max-video-preview":"max-video-preview:-1"},"canonical":"https:\/\/commerce4.cloud1.sbg.meosis.fr\/la-o-escalade\/produit\/abonnement-1-trimestre\/","og_locale":"fr_FR","og_type":"article","og_title":"Abonnement 1 trimestre \u203a L\u00e0 \u00d4 Escalade","og_description":"Abonnement de 3 mois Venez grimper en illimit\u00e9 sur la dur\u00e9e de votre abonnement. &nbsp; Tarif normal : 150 \u20ac Tarif r\u00e9duit : 120 \u20ac 5 \u00e0 11 ans : 105 \u20ac","og_url":"https:\/\/commerce4.cloud1.sbg.meosis.fr\/la-o-escalade\/produit\/abonnement-1-trimestre\/","og_site_name":"L\u00e0 \u00d4 Escalade","article_modified_time":"2024-06-07T20:55:41+00:00","og_image":[{"width":2560,"height":1707,"url":"https:\/\/commerce4.cloud1.sbg.meosis.fr\/la-o-escalade\/wp-content\/uploads\/sites\/19\/2022\/05\/CP3P1602-min-scaled.jpg","type":"image\/jpeg"}],"twitter_card":"summary_large_image","twitter_misc":{"Dur\u00e9e de lecture estim\u00e9e":"1 minute"},"schema":{"@context":"https:\/\/schema.org","@graph":[{"@type":"WebPage","@id":"https:\/\/commerce4.cloud1.sbg.meosis.fr\/la-o-escalade\/produit\/abonnement-1-trimestre\/","url":"https:\/\/commerce4.cloud1.sbg.meosis.fr\/la-o-escalade\/produit\/abonnement-1-trimestre\/","name":"Abonnement 1 trimestre \u203a L\u00e0 \u00d4 Escalade","isPartOf":{"@id":"https:\/\/commerce4.cloud1.sbg.meosis.fr\/la-o-escalade\/#website"},"datePublished":"2022-05-31T12:43:13+00:00","dateModified":"2024-06-07T20:55:41+00:00","description":"Abonnement de 3 mois Venez grimper en illimit\u00e9 sur la dur\u00e9e de votre abonnement. &nbsp; Tarif normal : 150 \u20ac Tarif r\u00e9duit : 120 \u20ac 5 \u00e0 11 ans : 105 \u20ac","breadcrumb":{"@id":"https:\/\/commerce4.cloud1.sbg.meosis.fr\/la-o-escalade\/produit\/abonnement-1-trimestre\/#breadcrumb"},"inLanguage":"fr-FR","potentialAction":[{"@type":"ReadAction","target":["https:\/\/commerce4.cloud1.sbg.meosis.fr\/la-o-escalade\/produit\/abonnement-1-trimestre\/"]}]},{"@type":"BreadcrumbList","@id":"https:\/\/commerce4.cloud1.sbg.meosis.fr\/la-o-escalade\/produit\/abonnement-1-trimestre\/#breadcrumb","itemListElement":[{"@type":"ListItem","position":1,"name":"Votre salle d'escalade \u00e0 Toulouse","item":"https:\/\/commerce4.cloud1.sbg.meosis.fr\/la-o-escalade\/"},{"@type":"ListItem","position":2,"name":"Boutique","item":"https:\/\/commerce4.cloud1.sbg.meosis.fr\/la-o-escalade\/boutique.html"},{"@type":"ListItem","position":3,"name":"Abonnement 1 trimestre"}]},{"@type":"WebSite","@id":"https:\/\/commerce4.cloud1.sbg.meosis.fr\/la-o-escalade\/#website","url":"https:\/\/commerce4.cloud1.sbg.meosis.fr\/la-o-escalade\/","name":"L\u00e0 \u00d4 Escalade","description":"Votre salle d&#039;escalade \u00e0 Toulouse","publisher":{"@id":"https:\/\/commerce4.cloud1.sbg.meosis.fr\/la-o-escalade\/#organization"},"potentialAction":[{"@type":"SearchAction","target":{"@type":"EntryPoint","urlTemplate":"https:\/\/commerce4.cloud1.sbg.meosis.fr\/la-o-escalade\/?s={search_term_string}"},"query-input":"required name=search_term_string"}],"inLanguage":"fr-FR"},{"@type":"Organization","@id":"https:\/\/commerce4.cloud1.sbg.meosis.fr\/la-o-escalade\/#organization","name":"La Salle","url":"https:\/\/commerce4.cloud1.sbg.meosis.fr\/la-o-escalade\/","logo":{"@type":"ImageObject","inLanguage":"fr-FR","@id":"https:\/\/commerce4.cloud1.sbg.meosis.fr\/la-o-escalade\/#\/schema\/logo\/image\/","url":"https:\/\/commerce4.cloud1.sbg.meosis.fr\/la-o-escalade\/wp-content\/uploads\/sites\/19\/2022\/05\/logo-30.png","contentUrl":"https:\/\/commerce4.cloud1.sbg.meosis.fr\/la-o-escalade\/wp-content\/uploads\/sites\/19\/2022\/05\/logo-30.png","width":126,"height":184,"caption":"La Salle"},"image":{"@id":"https:\/\/commerce4.cloud1.sbg.meosis.fr\/la-o-escalade\/#\/schema\/logo\/image\/"}}]}},"jetpack_sharing_enabled":true,"_links":{"self":[{"href":"https:\/\/commerce4.cloud1.sbg.meosis.fr\/la-o-escalade\/wp-json\/wp\/v2\/product\/410"}],"collection":[{"href":"https:\/\/commerce4.cloud1.sbg.meosis.fr\/la-o-escalade\/wp-json\/wp\/v2\/product"}],"about":[{"href":"https:\/\/commerce4.cloud1.sbg.meosis.fr\/la-o-escalade\/wp-json\/wp\/v2\/types\/product"}],"replies":[{"embeddable":true,"href":"https:\/\/commerce4.cloud1.sbg.meosis.fr\/la-o-escalade\/wp-json\/wp\/v2\/comments?post=410"}],"wp:featuredmedia":[{"embeddable":true,"href":"https:\/\/commerce4.cloud1.sbg.meosis.fr\/la-o-escalade\/wp-json\/wp\/v2\/media\/1204"}],"wp:attachment":[{"href":"https:\/\/commerce4.cloud1.sbg.meosis.fr\/la-o-escalade\/wp-json\/wp\/v2\/media?parent=410"}],"wp:term":[{"taxonomy":"product_cat","embeddable":true,"href":"https:\/\/commerce4.cloud1.sbg.meosis.fr\/la-o-escalade\/wp-json\/wp\/v2\/product_cat?post=410"},{"taxonomy":"product_tag","embeddable":true,"href":"https:\/\/commerce4.cloud1.sbg.meosis.fr\/la-o-escalade\/wp-json\/wp\/v2\/product_tag?post=410"}],"curies":[{"name":"wp","href":"https:\/\/api.w.org\/{rel}","templated":true}]}}