{"id":4,"date":"2022-05-27T08:59:37","date_gmt":"2022-05-27T06:59:37","guid":{"rendered":"https:\/\/commerce4.cloud1.sbg.meosis.fr\/la-o-escalade\/tarif-horaires.html"},"modified":"2024-09-09T17:02:33","modified_gmt":"2024-09-09T15:02:33","slug":"tarif-horaires","status":"publish","type":"page","link":"https:\/\/commerce4.cloud1.sbg.meosis.fr\/la-o-escalade\/tarif-horaires.html","title":{"rendered":"Horaires \/ Tarifs"},"content":{"rendered":"\t\t<div data-elementor-type=\"wp-page\" data-elementor-id=\"4\" class=\"elementor elementor-4\">\n\t\t\t\t\t\t<section class=\"elementor-section elementor-top-section elementor-element elementor-element-10bc0f2 elementor-section-boxed elementor-section-height-default elementor-section-height-default\" data-id=\"10bc0f2\" data-element_type=\"section\">\n\t\t\t\t\t\t<div class=\"elementor-container elementor-column-gap-default\">\n\t\t\t\t\t<div class=\"elementor-column elementor-col-100 elementor-top-column elementor-element elementor-element-1f5faf5\" data-id=\"1f5faf5\" data-element_type=\"column\">\n\t\t\t<div class=\"elementor-widget-wrap elementor-element-populated\">\n\t\t\t\t\t\t<div class=\"elementor-element elementor-element-7dffa01 elementor-widget elementor-widget-heading\" data-id=\"7dffa01\" data-element_type=\"widget\" data-widget_type=\"heading.default\">\n\t\t\t\t<div class=\"elementor-widget-container\">\n\t\t\t<style>\/*! elementor - v3.23.0 - 05-08-2024 *\/\n.elementor-heading-title{padding:0;margin:0;line-height:1}.elementor-widget-heading .elementor-heading-title[class*=elementor-size-]>a{color:inherit;font-size:inherit;line-height:inherit}.elementor-widget-heading .elementor-heading-title.elementor-size-small{font-size:15px}.elementor-widget-heading .elementor-heading-title.elementor-size-medium{font-size:19px}.elementor-widget-heading .elementor-heading-title.elementor-size-large{font-size:29px}.elementor-widget-heading .elementor-heading-title.elementor-size-xl{font-size:39px}.elementor-widget-heading .elementor-heading-title.elementor-size-xxl{font-size:59px}<\/style><h2 class=\"elementor-heading-title elementor-size-default\">Horaires<\/h2>\t\t<\/div>\n\t\t\t\t<\/div>\n\t\t\t\t<div class=\"elementor-element elementor-element-1098f81 elementor-widget-tablet_extra__width-initial elementor-widget elementor-widget-text-editor\" data-id=\"1098f81\" data-element_type=\"widget\" data-widget_type=\"text-editor.default\">\n\t\t\t\t<div class=\"elementor-widget-container\">\n\t\t\t<style>\/*! elementor - v3.23.0 - 05-08-2024 *\/\n.elementor-widget-text-editor.elementor-drop-cap-view-stacked .elementor-drop-cap{background-color:#69727d;color:#fff}.elementor-widget-text-editor.elementor-drop-cap-view-framed .elementor-drop-cap{color:#69727d;border:3px solid;background-color:transparent}.elementor-widget-text-editor:not(.elementor-drop-cap-view-default) .elementor-drop-cap{margin-top:8px}.elementor-widget-text-editor:not(.elementor-drop-cap-view-default) .elementor-drop-cap-letter{width:1em;height:1em}.elementor-widget-text-editor .elementor-drop-cap{float:left;text-align:center;line-height:1;font-size:50px}.elementor-widget-text-editor .elementor-drop-cap-letter{display:inline-block}<\/style>\t\t\t\t<p>Du lundi au vendredi<\/p>\n<p>Samedi<\/p>\n<p>Dimanche<\/p>\n<p><strong>12h00 &#8211; 23h00<\/strong><\/p>\n<p><strong>10<\/strong><strong style=\"font-size: 0.944em;letter-spacing: 0px\">h00 &#8211; 22h00<\/strong><\/p>\n<p style=\"font-size: 16.992px\"><span style=\"font-weight: 600\">10<\/span><span style=\"font-weight: 600;letter-spacing: 0px;font-size: 0.944em\">h00 &#8211; 20h00<\/span><\/p>\t\t\t\t\t\t<\/div>\n\t\t\t\t<\/div>\n\t\t\t\t<div class=\"elementor-element elementor-element-f799a9d elementor-widget elementor-widget-heading\" data-id=\"f799a9d\" data-element_type=\"widget\" data-widget_type=\"heading.default\">\n\t\t\t\t<div class=\"elementor-widget-container\">\n\t\t\t<h2 class=\"elementor-heading-title elementor-size-default\">Tarifs<\/h2>\t\t<\/div>\n\t\t\t\t<\/div>\n\t\t\t\t<div class=\"elementor-element elementor-element-ea39277 elementor-widget elementor-widget-text-editor\" data-id=\"ea39277\" data-element_type=\"widget\" data-widget_type=\"text-editor.default\">\n\t\t\t\t<div class=\"elementor-widget-container\">\n\t\t\t\t\t\t\t<table style=\"border-collapse: collapse;width: 100%\"><thead><tr><th style=\"width: 14.8437%\">\u00a0<\/th><th style=\"width: 17.9714%\">Normal<\/th><th style=\"width: 7.02869%\">R\u00e9duit<\/th><th style=\"width: 13.2812%\">6 \u00e0 11 ans<\/th><th style=\"width: 11.7188%\">3 \u00e0 5 ans<\/th><th style=\"width: 11.4584%\">0 \u00e0 2 ans<\/th><th style=\"width: 23.4375%\">\u00a0<\/th><\/tr><\/thead><tbody><tr><td style=\"width: 14.8437%\">1 entr\u00e9e<\/td><td style=\"width: 17.9714%\">12 \u20ac<\/td><td style=\"width: 7.02869%\">10 \u20ac<\/td><td style=\"width: 13.2812%\"><p>8 \u20ac<\/p><\/td><td style=\"width: 11.7188%\">5 \u20ac<\/td><td style=\"width: 11.4584%\">3 \u20ac<\/td><td style=\"width: 23.4375%\"><a title=\"Entr\u00e9e libre\" href=\"https:\/\/www.la-o-escalade.fr\/produit\/entree-libre\">Acheter une entr\u00e9e libre<\/a><a title=\"Entr\u00e9e espace enfant\" href=\"https:\/\/www.la-o-escalade.fr\/produit\/entree-espace-enfant\">Acheter une entr\u00e9e espace enfant<\/a><\/td><\/tr><tr><td style=\"width: 14.8437%\">10 entr\u00e9es<\/td><td style=\"width: 17.9714%\">108 \u20ac<\/td><td style=\"width: 7.02869%\">90 \u20ac<\/td><td style=\"width: 13.2812%\">72 \u20ac<\/td><td style=\"width: 11.7188%\">\u00a0<\/td><td style=\"width: 11.4584%\">\u00a0<\/td><td style=\"width: 23.4375%\"><a title=\"10 entr\u00e9es\" href=\"https:\/\/www.la-o-escalade.fr\/produit\/10-entrees\">Acheter<\/a><\/td><\/tr><tr><td style=\"width: 14.8437%\">Mois<\/td><td style=\"width: 17.9714%\">55 \u20ac<\/td><td style=\"width: 7.02869%\">45 \u20ac<\/td><td style=\"width: 13.2812%\">40\u00a0\u20ac<\/td><td style=\"width: 11.7188%\">\u00a0<\/td><td style=\"width: 11.4584%\">\u00a0<\/td><td style=\"width: 23.4375%\"><a title=\"Abonnement 1 mois\" href=\"https:\/\/www.la-o-escalade.fr\/produit\/abonnement-1-mois\">Acheter<\/a><\/td><\/tr><tr><td style=\"width: 14.8437%\">Trimestre<\/td><td style=\"width: 17.9714%\">150 \u20ac<\/td><td style=\"width: 7.02869%\">120 \u20ac<\/td><td style=\"width: 13.2812%\">105\u00a0\u20ac<\/td><td style=\"width: 11.7188%\">\u00a0<\/td><td style=\"width: 11.4584%\">\u00a0<\/td><td style=\"width: 23.4375%\"><a title=\"Abonnement 1 trimestre\" href=\"https:\/\/www.la-o-escalade.fr\/produit\/abonnement-1-trimestre\">Acheter<\/a><\/td><\/tr><tr><td style=\"width: 14.8437%\">Ann\u00e9e<\/td><td style=\"width: 17.9714%\">410 \u20ac<\/td><td style=\"width: 7.02869%\">330 \u20ac<\/td><td style=\"width: 13.2812%\">270\u00a0\u20ac<\/td><td style=\"width: 11.7188%\">\u00a0<\/td><td style=\"width: 11.4584%\">\u00a0<\/td><td style=\"width: 23.4375%\"><a title=\"Abonnement 1 an\" href=\"https:\/\/www.la-o-escalade.fr\/produit\/abonnement-1-an\">Acheter<\/a><\/td><\/tr><tr><td style=\"width: 14.8437%\">Ann\u00e9e mensualis\u00e9<\/td><td style=\"width: 17.9714%\">35 \u20ac\/ mois<\/td><td style=\"width: 7.02869%\">28 \u20ac \/ mois<\/td><td style=\"width: 13.2812%\">\u00a0<\/td><td style=\"width: 11.7188%\">\u00a0<\/td><td style=\"width: 11.4584%\">\u00a0<\/td><td style=\"width: 23.4375%\">\u00a0<\/td><\/tr><\/tbody><\/table>\t\t\t\t\t\t<\/div>\n\t\t\t\t<\/div>\n\t\t\t\t<div class=\"elementor-element elementor-element-c899f31 elementor-widget elementor-widget-text-editor\" data-id=\"c899f31\" data-element_type=\"widget\" data-widget_type=\"text-editor.default\">\n\t\t\t\t<div class=\"elementor-widget-container\">\n\t\t\t\t\t\t\t<p>Le tarif r\u00e9duit s&#8217;applique aux :<\/p><ul><li>S\u00e9ances entre 12h et 14h hors week-end et jours f\u00e9ri\u00e9s<\/li><li>\u00e9tudiants<\/li><li>RSA<\/li><li>BE et DE escalade<\/li><li>adultes inscrits au cours<\/li><li>licenci\u00e9s FFME ou CAF<\/li><\/ul>\t\t\t\t\t\t<\/div>\n\t\t\t\t<\/div>\n\t\t\t\t<div class=\"elementor-element elementor-element-c0aca52 elementor-widget elementor-widget-heading\" data-id=\"c0aca52\" data-element_type=\"widget\" data-widget_type=\"heading.default\">\n\t\t\t\t<div class=\"elementor-widget-container\">\n\t\t\t<p class=\"elementor-heading-title elementor-size-default\"><a href=\"https:\/\/commerce4.cloud1.sbg.meosis.fr\/la-o-escalade\/produit\/chaussons-descalade\/\">Location de chaussons d'escalade \u00e0 3 \u20ac<\/a><\/p>\t\t<\/div>\n\t\t\t\t<\/div>\n\t\t\t\t<div class=\"elementor-element elementor-element-64eeae1 elementor-widget elementor-widget-heading\" data-id=\"64eeae1\" data-element_type=\"widget\" data-widget_type=\"heading.default\">\n\t\t\t\t<div class=\"elementor-widget-container\">\n\t\t\t<h2 class=\"elementor-heading-title elementor-size-default\">Tarifs des cours<\/h2>\t\t<\/div>\n\t\t\t\t<\/div>\n\t\t\t\t<div class=\"elementor-element elementor-element-ce17a90 elementor-widget elementor-widget-text-editor\" data-id=\"ce17a90\" data-element_type=\"widget\" data-widget_type=\"text-editor.default\">\n\t\t\t\t<div class=\"elementor-widget-container\">\n\t\t\t\t\t\t\t<table style=\"border-collapse: collapse;width: 100%\">\n<thead>\n<tr>\n<th>Age<\/th>\n<th>Tarifs\/an<\/th>\n<\/tr>\n<\/thead>\n<tbody>\n<tr>\n<td>4-7 ans : 1h<\/td>\n<td>320 \u20ac<\/td>\n<\/tr>\n<tr>\n<td>8-13 ans : 1h30<\/td>\n<td>380 \u20ac<\/td>\n<\/tr>\n<tr>\n<td>14-18 ans : 2h<\/td>\n<td>470 \u20ac<\/td>\n<\/tr>\n<tr>\n<td>Adulte : 2h<\/td>\n<td>470 \u20ac<\/td>\n<\/tr>\n<\/tbody>\n<\/table>\t\t\t\t\t\t<\/div>\n\t\t\t\t<\/div>\n\t\t\t\t<div class=\"elementor-element elementor-element-033af82 elementor-align-center elementor-tablet-align-center elementor-widget elementor-widget-button\" data-id=\"033af82\" data-element_type=\"widget\" data-widget_type=\"button.default\">\n\t\t\t\t<div class=\"elementor-widget-container\">\n\t\t\t\t\t<div class=\"elementor-button-wrapper\">\n\t\t\t<a class=\"elementor-button elementor-button-link elementor-size-sm\" href=\"https:\/\/commerce4.cloud1.sbg.meosis.fr\/la-o-escalade\/cours-escalade-toulouse.html\">\n\t\t\t\t\t\t<span class=\"elementor-button-content-wrapper\">\n\t\t\t\t\t\t<span class=\"elementor-button-icon\">\n\t\t\t\t<i aria-hidden=\"true\" class=\"fas fa-arrow-right\"><\/i>\t\t\t<\/span>\n\t\t\t\t\t\t\t\t\t<span class=\"elementor-button-text\">Consulter le planning des cours<\/span>\n\t\t\t\t\t<\/span>\n\t\t\t\t\t<\/a>\n\t\t<\/div>\n\t\t\t\t<\/div>\n\t\t\t\t<\/div>\n\t\t\t\t\t<\/div>\n\t\t<\/div>\n\t\t\t\t\t<\/div>\n\t\t<\/section>\n\t\t\t\t<section class=\"elementor-section elementor-top-section elementor-element elementor-element-2cfa3d3 elementor-section-boxed elementor-section-height-default elementor-section-height-default\" data-id=\"2cfa3d3\" data-element_type=\"section\">\n\t\t\t\t\t\t<div class=\"elementor-container elementor-column-gap-default\">\n\t\t\t\t\t<div class=\"elementor-column elementor-col-100 elementor-top-column elementor-element elementor-element-6b84b96\" data-id=\"6b84b96\" data-element_type=\"column\">\n\t\t\t<div class=\"elementor-widget-wrap elementor-element-populated\">\n\t\t\t\t\t\t<div class=\"elementor-element elementor-element-623fe82 elementor-widget elementor-widget-heading\" data-id=\"623fe82\" data-element_type=\"widget\" data-widget_type=\"heading.default\">\n\t\t\t\t<div class=\"elementor-widget-container\">\n\t\t\t<h2 class=\"elementor-heading-title elementor-size-default\">D\u00e9couvrez aussi...<\/h2>\t\t<\/div>\n\t\t\t\t<\/div>\n\t\t\t\t\t<\/div>\n\t\t<\/div>\n\t\t\t\t\t<\/div>\n\t\t<\/section>\n\t\t\t\t<section class=\"elementor-section elementor-top-section elementor-element elementor-element-7fa5a1b elementor-section-boxed elementor-section-height-default elementor-section-height-default\" data-id=\"7fa5a1b\" data-element_type=\"section\">\n\t\t\t\t\t\t<div class=\"elementor-container elementor-column-gap-default\">\n\t\t\t\t\t<div class=\"elementor-column elementor-col-33 elementor-top-column elementor-element elementor-element-308e725\" data-id=\"308e725\" data-element_type=\"column\">\n\t\t\t<div class=\"elementor-widget-wrap elementor-element-populated\">\n\t\t\t\t\t\t<div class=\"elementor-element elementor-element-dde1b76 elementor-widget elementor-widget-heading\" data-id=\"dde1b76\" data-element_type=\"widget\" data-widget_type=\"heading.default\">\n\t\t\t\t<div class=\"elementor-widget-container\">\n\t\t\t<h3 class=\"elementor-heading-title elementor-size-default\">Les cours<\/h3>\t\t<\/div>\n\t\t\t\t<\/div>\n\t\t\t\t<div class=\"elementor-element elementor-element-05c04f1 elementor-widget elementor-widget-text-editor\" data-id=\"05c04f1\" data-element_type=\"widget\" data-widget_type=\"text-editor.default\">\n\t\t\t\t<div class=\"elementor-widget-container\">\n\t\t\t\t\t\t\t<p style=\"text-align: center\">L&#8217;\u00e9quipe de <strong>L\u00e0 \u00d4 Escalade<\/strong> vous propose des cours tous niveaux pour commencer la pratique de l&#8217;escalade ou vous perfectionner quel que soit votre \u00e2ge !<\/p>\t\t\t\t\t\t<\/div>\n\t\t\t\t<\/div>\n\t\t\t\t<div class=\"elementor-element elementor-element-93b23f4 elementor-align-center elementor-widget elementor-widget-button\" data-id=\"93b23f4\" data-element_type=\"widget\" data-widget_type=\"button.default\">\n\t\t\t\t<div class=\"elementor-widget-container\">\n\t\t\t\t\t<div class=\"elementor-button-wrapper\">\n\t\t\t<a class=\"elementor-button elementor-button-link elementor-size-sm\" href=\"https:\/\/commerce4.cloud1.sbg.meosis.fr\/la-o-escalade\/cours-escalade-toulouse.html\">\n\t\t\t\t\t\t<span class=\"elementor-button-content-wrapper\">\n\t\t\t\t\t\t<span class=\"elementor-button-icon\">\n\t\t\t\t<i aria-hidden=\"true\" class=\"fas fa-arrow-right\"><\/i>\t\t\t<\/span>\n\t\t\t\t\t\t\t\t\t<span class=\"elementor-button-text\">En savoir plus<\/span>\n\t\t\t\t\t<\/span>\n\t\t\t\t\t<\/a>\n\t\t<\/div>\n\t\t\t\t<\/div>\n\t\t\t\t<\/div>\n\t\t\t\t\t<\/div>\n\t\t<\/div>\n\t\t\t\t<div class=\"elementor-column elementor-col-33 elementor-top-column elementor-element elementor-element-a406e96\" data-id=\"a406e96\" data-element_type=\"column\">\n\t\t\t<div class=\"elementor-widget-wrap elementor-element-populated\">\n\t\t\t\t\t\t<div class=\"elementor-element elementor-element-56d9252 elementor-widget elementor-widget-heading\" data-id=\"56d9252\" data-element_type=\"widget\" data-widget_type=\"heading.default\">\n\t\t\t\t<div class=\"elementor-widget-container\">\n\t\t\t<h3 class=\"elementor-heading-title elementor-size-default\">Les stages<\/h3>\t\t<\/div>\n\t\t\t\t<\/div>\n\t\t\t\t<div class=\"elementor-element elementor-element-cb42618 elementor-widget elementor-widget-text-editor\" data-id=\"cb42618\" data-element_type=\"widget\" data-widget_type=\"text-editor.default\">\n\t\t\t\t<div class=\"elementor-widget-container\">\n\t\t\t\t\t\t\t<p style=\"text-align: center\">Les <strong>stages de d\u00e9couverte et de perfectionnement<\/strong> se d\u00e9roulent pendant les vacances scolaires ! Ne manquez pas nos prochaines sessions !<\/p>\t\t\t\t\t\t<\/div>\n\t\t\t\t<\/div>\n\t\t\t\t<div class=\"elementor-element elementor-element-be398c0 elementor-align-center elementor-widget elementor-widget-button\" data-id=\"be398c0\" data-element_type=\"widget\" data-widget_type=\"button.default\">\n\t\t\t\t<div class=\"elementor-widget-container\">\n\t\t\t\t\t<div class=\"elementor-button-wrapper\">\n\t\t\t<a class=\"elementor-button elementor-button-link elementor-size-sm\" href=\"https:\/\/commerce4.cloud1.sbg.meosis.fr\/la-o-escalade\/stages.html\">\n\t\t\t\t\t\t<span class=\"elementor-button-content-wrapper\">\n\t\t\t\t\t\t<span class=\"elementor-button-icon\">\n\t\t\t\t<i aria-hidden=\"true\" class=\"fas fa-arrow-right\"><\/i>\t\t\t<\/span>\n\t\t\t\t\t\t\t\t\t<span class=\"elementor-button-text\">En savoir plus<\/span>\n\t\t\t\t\t<\/span>\n\t\t\t\t\t<\/a>\n\t\t<\/div>\n\t\t\t\t<\/div>\n\t\t\t\t<\/div>\n\t\t\t\t\t<\/div>\n\t\t<\/div>\n\t\t\t\t<div class=\"elementor-column elementor-col-33 elementor-top-column elementor-element elementor-element-3a79059\" data-id=\"3a79059\" data-element_type=\"column\">\n\t\t\t<div class=\"elementor-widget-wrap elementor-element-populated\">\n\t\t\t\t\t\t<div class=\"elementor-element elementor-element-1540d0e elementor-widget elementor-widget-heading\" data-id=\"1540d0e\" data-element_type=\"widget\" data-widget_type=\"heading.default\">\n\t\t\t\t<div class=\"elementor-widget-container\">\n\t\t\t<h3 class=\"elementor-heading-title elementor-size-default\">Les offres collectives<\/h3>\t\t<\/div>\n\t\t\t\t<\/div>\n\t\t\t\t<div class=\"elementor-element elementor-element-e6ffadc elementor-widget elementor-widget-text-editor\" data-id=\"e6ffadc\" data-element_type=\"widget\" data-widget_type=\"text-editor.default\">\n\t\t\t\t<div class=\"elementor-widget-container\">\n\t\t\t\t\t\t\t<p style=\"text-align: center\">Vous cherchez une activit\u00e9 pour votre prochain team building ? <strong>L\u00e0 \u00d4 Escalade<\/strong> vous accueille pour un moment fondateur pour la coh\u00e9sion d&#8217;\u00e9quipe !<\/p>\t\t\t\t\t\t<\/div>\n\t\t\t\t<\/div>\n\t\t\t\t<div class=\"elementor-element elementor-element-ca8e40b elementor-align-center elementor-widget elementor-widget-button\" data-id=\"ca8e40b\" data-element_type=\"widget\" data-widget_type=\"button.default\">\n\t\t\t\t<div class=\"elementor-widget-container\">\n\t\t\t\t\t<div class=\"elementor-button-wrapper\">\n\t\t\t<a class=\"elementor-button elementor-button-link elementor-size-sm\" href=\"https:\/\/commerce4.cloud1.sbg.meosis.fr\/la-o-escalade\/collectivite-et-entreprise.html\">\n\t\t\t\t\t\t<span class=\"elementor-button-content-wrapper\">\n\t\t\t\t\t\t<span class=\"elementor-button-icon\">\n\t\t\t\t<i aria-hidden=\"true\" class=\"fas fa-arrow-right\"><\/i>\t\t\t<\/span>\n\t\t\t\t\t\t\t\t\t<span class=\"elementor-button-text\">En savoir plus<\/span>\n\t\t\t\t\t<\/span>\n\t\t\t\t\t<\/a>\n\t\t<\/div>\n\t\t\t\t<\/div>\n\t\t\t\t<\/div>\n\t\t\t\t\t<\/div>\n\t\t<\/div>\n\t\t\t\t\t<\/div>\n\t\t<\/section>\n\t\t\t\t<\/div>\n\t\t","protected":false},"excerpt":{"rendered":"<p>Horaires Du lundi au vendredi Samedi Dimanche 12h00 &#8211; 23h00 10h00 &#8211; 22h00 10h00 &#8211; 20h00 Tarifs \u00a0 Normal R\u00e9duit 6 \u00e0 11 ans 3 \u00e0 5 ans 0 \u00e0 2 ans \u00a0 1 entr\u00e9e 12 \u20ac 10 \u20ac 8 \u20ac 5 \u20ac 3 \u20ac Acheter une entr\u00e9e libreAcheter une entr\u00e9e espace enfant 10 entr\u00e9es [&hellip;]<\/p>\n","protected":false},"author":1,"featured_media":0,"parent":0,"menu_order":0,"comment_status":"closed","ping_status":"closed","template":"","meta":[],"acf":[],"yoast_head":"<!-- This site is optimized with the Yoast SEO plugin v21.8.1 - https:\/\/yoast.com\/wordpress\/plugins\/seo\/ -->\n<title>Horaires \/ Tarifs \u203a L\u00e0 \u00d4 Escalade<\/title>\n<meta name=\"description\" content=\"Horaires Du lundi au vendredi Samedi Dimanche 12h00 - 23h00 10h00 - 22h00 10h00 - 20h00 Tarifs \u00a0NormalR\u00e9duit6 \u00e0 11 ans3 \u00e0 5 ans0 \u00e0 2 ans\u00a01 entr\u00e9e12 \u20ac10 \u20ac8\" \/>\n<meta name=\"robots\" content=\"index, follow, max-snippet:-1, max-image-preview:large, max-video-preview:-1\" \/>\n<link rel=\"canonical\" href=\"https:\/\/commerce4.cloud1.sbg.meosis.fr\/la-o-escalade\/tarif-horaires.html\" \/>\n<meta property=\"og:locale\" content=\"fr_FR\" \/>\n<meta property=\"og:type\" content=\"article\" \/>\n<meta property=\"og:title\" content=\"Horaires \/ Tarifs \u203a L\u00e0 \u00d4 Escalade\" \/>\n<meta property=\"og:description\" content=\"Horaires Du lundi au vendredi Samedi Dimanche 12h00 - 23h00 10h00 - 22h00 10h00 - 20h00 Tarifs \u00a0NormalR\u00e9duit6 \u00e0 11 ans3 \u00e0 5 ans0 \u00e0 2 ans\u00a01 entr\u00e9e12 \u20ac10 \u20ac8\" \/>\n<meta property=\"og:url\" content=\"https:\/\/commerce4.cloud1.sbg.meosis.fr\/la-o-escalade\/tarif-horaires.html\" \/>\n<meta property=\"og:site_name\" content=\"L\u00e0 \u00d4 Escalade\" \/>\n<meta property=\"article:modified_time\" content=\"2024-09-09T15:02:33+00:00\" \/>\n<meta name=\"twitter:card\" content=\"summary_large_image\" \/>\n<meta name=\"twitter:label1\" content=\"Dur\u00e9e de lecture estim\u00e9e\" \/>\n\t<meta name=\"twitter:data1\" content=\"2 minutes\" \/>\n<script type=\"application\/ld+json\" class=\"yoast-schema-graph\">{\"@context\":\"https:\/\/schema.org\",\"@graph\":[{\"@type\":\"WebPage\",\"@id\":\"https:\/\/commerce4.cloud1.sbg.meosis.fr\/la-o-escalade\/tarif-horaires.html\",\"url\":\"https:\/\/commerce4.cloud1.sbg.meosis.fr\/la-o-escalade\/tarif-horaires.html\",\"name\":\"Horaires \/ Tarifs \u203a L\u00e0 \u00d4 Escalade\",\"isPartOf\":{\"@id\":\"https:\/\/commerce4.cloud1.sbg.meosis.fr\/la-o-escalade\/#website\"},\"datePublished\":\"2022-05-27T06:59:37+00:00\",\"dateModified\":\"2024-09-09T15:02:33+00:00\",\"description\":\"Horaires Du lundi au vendredi Samedi Dimanche 12h00 - 23h00 10h00 - 22h00 10h00 - 20h00 Tarifs \u00a0NormalR\u00e9duit6 \u00e0 11 ans3 \u00e0 5 ans0 \u00e0 2 ans\u00a01 entr\u00e9e12 \u20ac10 \u20ac8\",\"breadcrumb\":{\"@id\":\"https:\/\/commerce4.cloud1.sbg.meosis.fr\/la-o-escalade\/tarif-horaires.html#breadcrumb\"},\"inLanguage\":\"fr-FR\",\"potentialAction\":[{\"@type\":\"ReadAction\",\"target\":[\"https:\/\/commerce4.cloud1.sbg.meosis.fr\/la-o-escalade\/tarif-horaires.html\"]}]},{\"@type\":\"BreadcrumbList\",\"@id\":\"https:\/\/commerce4.cloud1.sbg.meosis.fr\/la-o-escalade\/tarif-horaires.html#breadcrumb\",\"itemListElement\":[{\"@type\":\"ListItem\",\"position\":1,\"name\":\"Votre salle d'escalade \u00e0 Toulouse\",\"item\":\"https:\/\/commerce4.cloud1.sbg.meosis.fr\/la-o-escalade\/\"},{\"@type\":\"ListItem\",\"position\":2,\"name\":\"Horaires \/ Tarifs\"}]},{\"@type\":\"WebSite\",\"@id\":\"https:\/\/commerce4.cloud1.sbg.meosis.fr\/la-o-escalade\/#website\",\"url\":\"https:\/\/commerce4.cloud1.sbg.meosis.fr\/la-o-escalade\/\",\"name\":\"L\u00e0 \u00d4 Escalade\",\"description\":\"Votre salle d&#039;escalade \u00e0 Toulouse\",\"publisher\":{\"@id\":\"https:\/\/commerce4.cloud1.sbg.meosis.fr\/la-o-escalade\/#organization\"},\"potentialAction\":[{\"@type\":\"SearchAction\",\"target\":{\"@type\":\"EntryPoint\",\"urlTemplate\":\"https:\/\/commerce4.cloud1.sbg.meosis.fr\/la-o-escalade\/?s={search_term_string}\"},\"query-input\":\"required name=search_term_string\"}],\"inLanguage\":\"fr-FR\"},{\"@type\":\"Organization\",\"@id\":\"https:\/\/commerce4.cloud1.sbg.meosis.fr\/la-o-escalade\/#organization\",\"name\":\"La Salle\",\"url\":\"https:\/\/commerce4.cloud1.sbg.meosis.fr\/la-o-escalade\/\",\"logo\":{\"@type\":\"ImageObject\",\"inLanguage\":\"fr-FR\",\"@id\":\"https:\/\/commerce4.cloud1.sbg.meosis.fr\/la-o-escalade\/#\/schema\/logo\/image\/\",\"url\":\"https:\/\/commerce4.cloud1.sbg.meosis.fr\/la-o-escalade\/wp-content\/uploads\/sites\/19\/2022\/05\/logo-30.png\",\"contentUrl\":\"https:\/\/commerce4.cloud1.sbg.meosis.fr\/la-o-escalade\/wp-content\/uploads\/sites\/19\/2022\/05\/logo-30.png\",\"width\":126,\"height\":184,\"caption\":\"La Salle\"},\"image\":{\"@id\":\"https:\/\/commerce4.cloud1.sbg.meosis.fr\/la-o-escalade\/#\/schema\/logo\/image\/\"}}]}<\/script>\n<!-- \/ Yoast SEO plugin. -->","yoast_head_json":{"title":"Horaires \/ Tarifs \u203a L\u00e0 \u00d4 Escalade","description":"Horaires Du lundi au vendredi Samedi Dimanche 12h00 - 23h00 10h00 - 22h00 10h00 - 20h00 Tarifs \u00a0NormalR\u00e9duit6 \u00e0 11 ans3 \u00e0 5 ans0 \u00e0 2 ans\u00a01 entr\u00e9e12 \u20ac10 \u20ac8","robots":{"index":"index","follow":"follow","max-snippet":"max-snippet:-1","max-image-preview":"max-image-preview:large","max-video-preview":"max-video-preview:-1"},"canonical":"https:\/\/commerce4.cloud1.sbg.meosis.fr\/la-o-escalade\/tarif-horaires.html","og_locale":"fr_FR","og_type":"article","og_title":"Horaires \/ Tarifs \u203a L\u00e0 \u00d4 Escalade","og_description":"Horaires Du lundi au vendredi Samedi Dimanche 12h00 - 23h00 10h00 - 22h00 10h00 - 20h00 Tarifs \u00a0NormalR\u00e9duit6 \u00e0 11 ans3 \u00e0 5 ans0 \u00e0 2 ans\u00a01 entr\u00e9e12 \u20ac10 \u20ac8","og_url":"https:\/\/commerce4.cloud1.sbg.meosis.fr\/la-o-escalade\/tarif-horaires.html","og_site_name":"L\u00e0 \u00d4 Escalade","article_modified_time":"2024-09-09T15:02:33+00:00","twitter_card":"summary_large_image","twitter_misc":{"Dur\u00e9e de lecture estim\u00e9e":"2 minutes"},"schema":{"@context":"https:\/\/schema.org","@graph":[{"@type":"WebPage","@id":"https:\/\/commerce4.cloud1.sbg.meosis.fr\/la-o-escalade\/tarif-horaires.html","url":"https:\/\/commerce4.cloud1.sbg.meosis.fr\/la-o-escalade\/tarif-horaires.html","name":"Horaires \/ Tarifs \u203a L\u00e0 \u00d4 Escalade","isPartOf":{"@id":"https:\/\/commerce4.cloud1.sbg.meosis.fr\/la-o-escalade\/#website"},"datePublished":"2022-05-27T06:59:37+00:00","dateModified":"2024-09-09T15:02:33+00:00","description":"Horaires Du lundi au vendredi Samedi Dimanche 12h00 - 23h00 10h00 - 22h00 10h00 - 20h00 Tarifs \u00a0NormalR\u00e9duit6 \u00e0 11 ans3 \u00e0 5 ans0 \u00e0 2 ans\u00a01 entr\u00e9e12 \u20ac10 \u20ac8","breadcrumb":{"@id":"https:\/\/commerce4.cloud1.sbg.meosis.fr\/la-o-escalade\/tarif-horaires.html#breadcrumb"},"inLanguage":"fr-FR","potentialAction":[{"@type":"ReadAction","target":["https:\/\/commerce4.cloud1.sbg.meosis.fr\/la-o-escalade\/tarif-horaires.html"]}]},{"@type":"BreadcrumbList","@id":"https:\/\/commerce4.cloud1.sbg.meosis.fr\/la-o-escalade\/tarif-horaires.html#breadcrumb","itemListElement":[{"@type":"ListItem","position":1,"name":"Votre salle d'escalade \u00e0 Toulouse","item":"https:\/\/commerce4.cloud1.sbg.meosis.fr\/la-o-escalade\/"},{"@type":"ListItem","position":2,"name":"Horaires \/ Tarifs"}]},{"@type":"WebSite","@id":"https:\/\/commerce4.cloud1.sbg.meosis.fr\/la-o-escalade\/#website","url":"https:\/\/commerce4.cloud1.sbg.meosis.fr\/la-o-escalade\/","name":"L\u00e0 \u00d4 Escalade","description":"Votre salle d&#039;escalade \u00e0 Toulouse","publisher":{"@id":"https:\/\/commerce4.cloud1.sbg.meosis.fr\/la-o-escalade\/#organization"},"potentialAction":[{"@type":"SearchAction","target":{"@type":"EntryPoint","urlTemplate":"https:\/\/commerce4.cloud1.sbg.meosis.fr\/la-o-escalade\/?s={search_term_string}"},"query-input":"required name=search_term_string"}],"inLanguage":"fr-FR"},{"@type":"Organization","@id":"https:\/\/commerce4.cloud1.sbg.meosis.fr\/la-o-escalade\/#organization","name":"La Salle","url":"https:\/\/commerce4.cloud1.sbg.meosis.fr\/la-o-escalade\/","logo":{"@type":"ImageObject","inLanguage":"fr-FR","@id":"https:\/\/commerce4.cloud1.sbg.meosis.fr\/la-o-escalade\/#\/schema\/logo\/image\/","url":"https:\/\/commerce4.cloud1.sbg.meosis.fr\/la-o-escalade\/wp-content\/uploads\/sites\/19\/2022\/05\/logo-30.png","contentUrl":"https:\/\/commerce4.cloud1.sbg.meosis.fr\/la-o-escalade\/wp-content\/uploads\/sites\/19\/2022\/05\/logo-30.png","width":126,"height":184,"caption":"La Salle"},"image":{"@id":"https:\/\/commerce4.cloud1.sbg.meosis.fr\/la-o-escalade\/#\/schema\/logo\/image\/"}}]}},"jetpack_sharing_enabled":true,"_links":{"self":[{"href":"https:\/\/commerce4.cloud1.sbg.meosis.fr\/la-o-escalade\/wp-json\/wp\/v2\/pages\/4"}],"collection":[{"href":"https:\/\/commerce4.cloud1.sbg.meosis.fr\/la-o-escalade\/wp-json\/wp\/v2\/pages"}],"about":[{"href":"https:\/\/commerce4.cloud1.sbg.meosis.fr\/la-o-escalade\/wp-json\/wp\/v2\/types\/page"}],"author":[{"embeddable":true,"href":"https:\/\/commerce4.cloud1.sbg.meosis.fr\/la-o-escalade\/wp-json\/wp\/v2\/users\/1"}],"replies":[{"embeddable":true,"href":"https:\/\/commerce4.cloud1.sbg.meosis.fr\/la-o-escalade\/wp-json\/wp\/v2\/comments?post=4"}],"version-history":[{"count":0,"href":"https:\/\/commerce4.cloud1.sbg.meosis.fr\/la-o-escalade\/wp-json\/wp\/v2\/pages\/4\/revisions"}],"wp:attachment":[{"href":"https:\/\/commerce4.cloud1.sbg.meosis.fr\/la-o-escalade\/wp-json\/wp\/v2\/media?parent=4"}],"curies":[{"name":"wp","href":"https:\/\/api.w.org\/{rel}","templated":true}]}}